{"id":4442,"date":"2019-05-13T15:33:38","date_gmt":"2019-05-13T15:33:38","guid":{"rendered":"https:\/\/dev.magani.gr\/?page_id=4442"},"modified":"2019-11-07T18:44:10","modified_gmt":"2019-11-07T18:44:10","slug":"area-info","status":"publish","type":"page","link":"https:\/\/www.magani.gr\/sr\/area-info\/","title":{"rendered":"\u0418\u043d\u0444\u043e\u0440\u043c\u0430\u0446\u0438\u0458\u0435 \u043e \u043f\u043e\u0434\u0440\u0443\u0447\u0458\u0443"},"content":{"rendered":"<p>Kala Nera je najlep\u0161e seoce na pla\u017ei u zalivu Pagasitikos, sme\u0161teno na udaljenosti od 18 km od grada Volosa. Ovo mesto mo\u017ee o\u010darati posetioca u svakom periodu godine. U letnjem vremenu i mirno more i \u010disti pijesak na pla\u017ei pravi su izazov za one koji vole ovaj na\u010din \u017eivota. Osim ugodnog kupanja u plavoj i bistroj morskoj vodi, postoji puno \u0161ansi da svako vje\u017eba svoje omiljeno more, sportove poput ribolova, jedrenja, skijanja, surfanja na dasci itd. Pagasitikos Krstarenje brodom Izleti brodom Kala Nera - Island Trikeri.<br \/>\nWhen the summer sun gets very hot hot and when the sea becomes tiring, then the plane-trees, the eucalyptus and the poplar \u2013 trees offer an agreeable coolness in their shadow. The flowing spring water of the village is always good and particularly digestive: this seems to be confirmed by the too many fountains all over the village.<br \/>\nNaziv Kala Nera u gr\u010dkom jeziku zna\u010di \u201eDobre vode\u201c. U podne je vrlo \u0161armantno kombinovati ukusnu domac\u0301u hranu sa domac\u0301im vinom i uzom u jednom od mnogih restorana, taverni sme\u0161tenih uz pla\u017eu. Kvalitet izbora i raznolikost jela, uz brzu uslugu, mogu zadovoljiti i najne retke \u017eelje gostiju. Uve\u010de mo\u017eete popiti hladno pic\u0301e u nekoj od pabova ili pak poseban sladoled.<br \/>\nSun\u010deve zrake daju najljep\u0161e boje mirnom nivou mora i Pelion stilu, starinskim tradicionalnim kuc\u0301ama i kamenim poplo\u010danim dvori\u0161tima. Ovo je najbolja slika sela. U ovo doba dana mo\u017eete u\u017eivati u mnogim raznim stvarima, mo\u017eete \u0161etati morskom obalom, mo\u017eete praviti idili\u010dne fotografije ili kupovati.<br \/>\nUske slikovite staze prelaze seoski kraj na sever i vode do lepih i tradicionalnih sela Milies i Vizitza, obe sme\u0161tene na planini Pelion, na nadmorskoj visini od 400 metara. U neposrednoj blizini Kala Nere postoje i druga zanimljiva sela, tako\u0111e prelepo zeleno i puno tipi\u010dnih pelijonskih kuc\u0301a.<br \/>\nLjudi koji vole duge \u0161etnje, vole prirodu, miran odmor i posle svega \u017eele se pridru\u017eiti gr\u010dkoj tradiciji, onda je sigurno da tra\u017ee mesto poput Kala Nere. Ova lokacija zbog svoje blage klime i vremenskih prilika lako bi mogla postati glavna osnova za one koji \u017eele da posete i u\u017eivaju na planini Pelion. Ako se odlu\u010dite za odmor ili samo posetu, ljudi iz Kala Nere bic\u0301e spremni da vam pru\u017ee prijateljsku toplinu i dobru uslugu tokom cele godine.<br \/>\nVa\u0161a poseta ili boravak u Kala Neri bic\u0301e nezaboravan.<\/p>","protected":false},"excerpt":{"rendered":"<p>Kala Nera is a most beautiful beach village in the Pagasitikos Gulf, situated at the distance of 18 km from the town of Volos. This place can charm the visitor every period of the year. In summer time both the calm sea and the clean sand of the beach are a real challenge to those <\/p>","protected":false},"author":1,"featured_media":0,"parent":0,"menu_order":0,"comment_status":"closed","ping_status":"closed","template":"","meta":[],"_links":{"self":[{"href":"https:\/\/www.magani.gr\/sr\/wp-json\/wp\/v2\/pages\/4442"}],"collection":[{"href":"https:\/\/www.magani.gr\/sr\/wp-json\/wp\/v2\/pages"}],"about":[{"href":"https:\/\/www.magani.gr\/sr\/wp-json\/wp\/v2\/types\/page"}],"author":[{"embeddable":true,"href":"https:\/\/www.magani.gr\/sr\/wp-json\/wp\/v2\/users\/1"}],"replies":[{"embeddable":true,"href":"https:\/\/www.magani.gr\/sr\/wp-json\/wp\/v2\/comments?post=4442"}],"version-history":[{"count":10,"href":"https:\/\/www.magani.gr\/sr\/wp-json\/wp\/v2\/pages\/4442\/revisions"}],"predecessor-version":[{"id":4916,"href":"https:\/\/www.magani.gr\/sr\/wp-json\/wp\/v2\/pages\/4442\/revisions\/4916"}],"wp:attachment":[{"href":"https:\/\/www.magani.gr\/sr\/wp-json\/wp\/v2\/media?parent=4442"}],"curies":[{"name":"wp","href":"https:\/\/api.w.org\/{rel}","templated":true}]}}