{"id":1904,"date":"2015-07-06T08:26:09","date_gmt":"2015-07-06T08:26:09","guid":{"rendered":"http:\/\/demo.thimpress.com\/resca\/?page_id=5"},"modified":"2019-07-15T16:38:46","modified_gmt":"2019-07-15T16:38:46","slug":"about-us","status":"publish","type":"page","link":"https:\/\/www.magani.gr\/sr\/about-us\/","title":{"rendered":"O nama"},"content":{"rendered":"<div id=\"pl-1904\"  class=\"panel-layout\" ><div id=\"pg-1904-0\"  class=\"panel-grid panel-no-style\" ><div id=\"pgc-1904-0-0\"  class=\"panel-grid-cell\" ><div id=\"panel-1904-0-0-0\" class=\"so-panel widget widget_icon-box panel-first-child panel-last-child\" data-index=\"0\" ><div class=\"panel-widget-style panel-widget-style-for-1904-0-0-0\" ><div class=\"thim-widget-icon-box thim-widget-icon-box-base template-base\"><div class=\"inner-box\"><div  class=\"wrapper-box-icon text-left   wrapper-line-heading\" ><div class=\"smicon-box iconbox-top\"><div class=\"content-inner\" ><div class=\"sc-heading article_heading\"><h3 class = \"heading__primary\" >About Magani<\/h3><span class=\"line-heading\"><span><\/span><\/span><\/div><div class=\"desc-icon-box\"><div ><p align=\"left\">Pilion, postojbina Kentaura, pesnika i Argonauta, predstavlja izuzetnu prirodnu kombinaciju zelenih planina i plavog mora, i pru\u017ea Vam mogu\u0107nost da iskusite odmor na jedinstven na\u010din.<br \/>\nU ovom izuzetnom podru\u010dju, u primorskom selu Kala Nera, verno koriste\u0107i tradicionalne materijale: drvo, \u0161kriljac, crep i mermer, izgradili smo kompleks prigodan kako za letnji tako i za zimski odmor.<br \/>\nHotel Magani u Kala Neri pogodno je dizajniran za celogodi\u0161nji odmor i sastoji se od nekoliko apartmana, kapaciteta od 6 do 6 osoba. Hotel ima \u010dudesno dvori\u0161te sa ogromnim palmama. U opu\u0161tenoj i poznatoj atmosferi Maganijevog salona i verande mo\u017eete u\u017eivati u dru\u0161tvu prijatelja dok popijete ili pojedete ukusan sladoled ili \u010dak lokalni desert. Hotel je udaljen oko 50 metara od pla\u017ee.<br \/>\n<\/p>\n<p><b><i>Our principle is to offer the very best of services to our guests. You are welcome any time and we are looking forward to having you as our guest.\nYour hosts family Karousos.<\/i><\/b><\/p><\/div><\/div><\/div><\/div><!--end smicon-box--><\/div><\/div><\/div><\/div><\/div><\/div><\/div><div id=\"pg-1904-1\"  class=\"panel-grid panel-has-style\" ><div class=\"thim-gallery-box siteorigin-panels-stretch panel-row-style panel-row-style-for-1904-1\" data-stretch-type=\"full\" ><div id=\"pgc-1904-1-0\"  class=\"panel-grid-cell\" ><div id=\"panel-1904-1-0-0\" class=\"so-panel widget widget_icon-box panel-first-child\" data-index=\"1\" ><div class=\"panel-widget-style panel-widget-style-for-1904-1-0-0\" ><div class=\"thim-widget-icon-box thim-widget-icon-box-base template-base\"><div class=\"inner-box\"><div  class=\"wrapper-box-icon text-center   wrapper-line-heading\" ><div class=\"smicon-box iconbox-top\"><div class=\"content-inner\" ><div class=\"sc-heading article_heading\"><h3 class = \"heading__primary\" >Gallery<\/h3><span class=\"line-heading\"><span><\/span><\/span><\/div><\/div><\/div><!--end smicon-box--><\/div><\/div><\/div><\/div><\/div><div id=\"panel-1904-1-0-1\" class=\"so-panel widget widget_gallery-images panel-last-child\" data-index=\"2\" ><div class=\"panel-widget-style panel-widget-style-for-1904-1-0-1\" ><div class=\"thim-widget-gallery-images thim-widget-gallery-images-base template-style_2\"><div class=\"thim-gallery-images-column gallery-img\"><div class=\"list_image\"><div class=\"item-image\"><img src =\"https:\/\/www.magani.gr\/wp-content\/uploads\/2015\/10\/DSC0084.jpg\" width=\"800\" height=\"531\" alt= \"O nama\" \/><\/div><div class=\"item-image\"><img src =\"https:\/\/www.magani.gr\/wp-content\/uploads\/2015\/09\/IMG_3264.jpg\" width=\"1200\" height=\"800\" alt= \"O nama\" \/><\/div><div class=\"item-image\"><img src =\"https:\/\/www.magani.gr\/wp-content\/uploads\/2015\/10\/IMG_3222.jpg\" width=\"1200\" height=\"800\" alt= \"O nama\" \/><\/div><div class=\"item-image\"><img src =\"https:\/\/www.magani.gr\/wp-content\/uploads\/2015\/10\/IMG_3264.jpg\" width=\"1200\" height=\"800\" alt= \"O nama\" \/><\/div><div class=\"item-image\"><img src =\"https:\/\/www.magani.gr\/wp-content\/uploads\/2015\/09\/IMG_3229.jpg\" width=\"1200\" height=\"800\" alt= \"O nama\" \/><\/div><div class=\"item-image\"><img src =\"https:\/\/www.magani.gr\/wp-content\/uploads\/2015\/10\/IMG_3203.jpg\" width=\"1200\" height=\"800\" alt= \"O nama\" \/><\/div><div class=\"item-image\"><img src =\"https:\/\/www.magani.gr\/wp-content\/uploads\/2015\/10\/IMG_3191.jpg\" width=\"1200\" height=\"800\" alt= \"O nama\" \/><\/div><div class=\"item-image\"><img src =\"https:\/\/www.magani.gr\/wp-content\/uploads\/2015\/10\/IMG_3166.jpg\" width=\"1200\" height=\"800\" alt= \"O nama\" \/><\/div><div class=\"item-image\"><img src =\"https:\/\/www.magani.gr\/wp-content\/uploads\/2015\/10\/IMG_3170.jpg\" width=\"1200\" height=\"800\" alt= \"O nama\" \/><\/div><div class=\"item-image\"><img src =\"https:\/\/www.magani.gr\/wp-content\/uploads\/2015\/10\/IMG_3162.jpg\" width=\"1200\" height=\"800\" alt= \"O nama\" \/><\/div><div class=\"item-image\"><img src =\"https:\/\/www.magani.gr\/wp-content\/uploads\/2015\/10\/IMG_3124.jpg\" width=\"1200\" height=\"800\" alt= \"O nama\" \/><\/div><div class=\"item-image\"><img src =\"https:\/\/www.magani.gr\/wp-content\/uploads\/2015\/10\/IMG_3121.jpg\" width=\"1200\" height=\"800\" alt= \"O nama\" \/><\/div><div class=\"item-image\"><img src =\"https:\/\/www.magani.gr\/wp-content\/uploads\/2015\/10\/IMG_3110.jpg\" width=\"1200\" height=\"800\" alt= \"O nama\" \/><\/div><div class=\"item-image\"><img src =\"https:\/\/www.magani.gr\/wp-content\/uploads\/2015\/10\/IMG_3093.jpg\" width=\"1200\" height=\"800\" alt= \"O nama\" \/><\/div><div class=\"item-image\"><img src =\"https:\/\/www.magani.gr\/wp-content\/uploads\/2015\/10\/IMG_3067.jpg\" width=\"1200\" height=\"800\" alt= \"O nama\" \/><\/div><div class=\"item-image\"><img src =\"https:\/\/www.magani.gr\/wp-content\/uploads\/2015\/10\/IMG_3071.jpg\" width=\"1200\" height=\"800\" alt= \"O nama\" \/><\/div><div class=\"item-image\"><img src =\"https:\/\/www.magani.gr\/wp-content\/uploads\/2015\/10\/IMG_3062.jpg\" width=\"1200\" height=\"800\" alt= \"O nama\" \/><\/div><div class=\"item-image\"><img src =\"https:\/\/www.magani.gr\/wp-content\/uploads\/2015\/09\/IMG_3258.jpg\" width=\"533\" height=\"800\" alt= \"O nama\" \/><\/div><\/div><div class=\"text_wellcome\"><h3>The maisonettes are two storey apartments, each with independent entrance. The lower level consists of the living room with the equipped kitchen and the staircase which leads you to the main bedroom and the bathroom upstairs. No ground floor apartments. No elevator Traditional architecture. Magani's lush green garden has a nice shadowed outside sitting area under two huge tropical palm trees.<\/h3><\/div><\/div><\/div><\/div><\/div><\/div><\/div><\/div><\/div>","protected":false},"excerpt":{"rendered":"<p>About MaganiThe Pelion Peninsula is known from the Greek mythology as the land of the Centaurs and the Poets. The magical combination of green mountains and blue sea offers a lifetime experience to its visitors.<br \/>\nIn these unique surroundings at the seaside village of Kala Nera you will find an equally unique vacation hotel, which <\/p>","protected":false},"author":1,"featured_media":0,"parent":0,"menu_order":0,"comment_status":"closed","ping_status":"closed","template":"","meta":[],"_links":{"self":[{"href":"https:\/\/www.magani.gr\/sr\/wp-json\/wp\/v2\/pages\/1904"}],"collection":[{"href":"https:\/\/www.magani.gr\/sr\/wp-json\/wp\/v2\/pages"}],"about":[{"href":"https:\/\/www.magani.gr\/sr\/wp-json\/wp\/v2\/types\/page"}],"author":[{"embeddable":true,"href":"https:\/\/www.magani.gr\/sr\/wp-json\/wp\/v2\/users\/1"}],"replies":[{"embeddable":true,"href":"https:\/\/www.magani.gr\/sr\/wp-json\/wp\/v2\/comments?post=1904"}],"version-history":[{"count":16,"href":"https:\/\/www.magani.gr\/sr\/wp-json\/wp\/v2\/pages\/1904\/revisions"}],"predecessor-version":[{"id":4711,"href":"https:\/\/www.magani.gr\/sr\/wp-json\/wp\/v2\/pages\/1904\/revisions\/4711"}],"wp:attachment":[{"href":"https:\/\/www.magani.gr\/sr\/wp-json\/wp\/v2\/media?parent=1904"}],"curies":[{"name":"wp","href":"https:\/\/api.w.org\/{rel}","templated":true}]}}