{"id":4442,"date":"2019-05-13T15:33:38","date_gmt":"2019-05-13T15:33:38","guid":{"rendered":"https:\/\/dev.magani.gr\/?page_id=4442"},"modified":"2019-11-07T18:44:10","modified_gmt":"2019-11-07T18:44:10","slug":"area-info","status":"publish","type":"page","link":"https:\/\/www.magani.gr\/ro\/area-info\/","title":{"rendered":"Informa\u021bii despre zon\u0103"},"content":{"rendered":"<p>Kala Nera este cel mai frumos sat de plaj\u0103 din Golful Pagasitikos, situat la distan\u021ba de 18 km de ora\u0219ul Volos. Acest loc poate \u00eenc\u00e2nta vizitatorul \u00een fiecare perioad\u0103 a anului. \u00cen timpul verii, marea calm\u0103 \u0219i nisipul curat al plajei reprezint\u0103 o adev\u0103rat\u0103 provocare pentru cei care iubesc acest mod de via\u021b\u0103. Pe l\u00e2ng\u0103 \u00eenotul pl\u0103cut \u00een apa de mare albastr\u0103 \u0219i limpede, exist\u0103 multe \u0219anse ca toat\u0103 lumea s\u0103-\u0219i practice marea favorit\u0103, sporturi precum pescuitul, navigarea, schiul, surf-ul etc.<br \/>\nWhen the summer sun gets very hot hot and when the sea becomes tiring, then the plane-trees, the eucalyptus and the poplar \u2013 trees offer an agreeable coolness in their shadow. The flowing spring water of the village is always good and particularly digestive: this seems to be confirmed by the too many fountains all over the village.<br \/>\nNumele Kala Nera tradus \u00een greac\u0103 \u00eenseamn\u0103 \u201eApele bune\u201d. La pr\u00e2nz este foarte fermec\u0103tor s\u0103 combini m\u00e2ncarea cu gust local cu vinul de cas\u0103 \u0219i ouzo \u00eentr-unul dintre numeroasele restaurante, taverne situate de-a lungul plajei. Calitatea alegerii \u0219i varietatea m\u00e2nc\u0103rurilor \u00eempreun\u0103 cu serviciul prompt pot satisface chiar \u0219i cele mai rare dorin\u021be ale oaspe\u021bilor. Seara, pute\u021bi bea o b\u0103utur\u0103 r\u0103coroas\u0103 \u00eentr-unul dintre pub-uri sau o \u00eenghe\u021bat\u0103 foarte special\u0103.<br \/>\nGrinzile de apus dau cele mai frumoase culori nivelului m\u0103rii calm \u0219i stilului Pelion, caselor tradi\u021bionale de mod\u0103 veche \u0219i cur\u021bilor lor pavate din piatr\u0103. Aceasta este cea mai bun\u0103 imagine a satului. \u00cen acest moment al zilei v\u0103 pute\u021bi bucura de multe lucruri diferite, pute\u021bi merge pe litoral, pute\u021bi face fotografii idilice sau pute\u021bi face cump\u0103r\u0103turi.<br \/>\nPotecile pitore\u0219ti \u00eenguste traverseaz\u0103 zona rural\u0103 spre nord \u0219i duc spre satele frumoase \u0219i tradi\u021bionale din Milies \u0219i Vizitza, ambele situate pe muntele Pelion, la altitudinea de 400 de metri peste nivelul m\u0103rii. \u00cen imediata apropiere de Kala Nera exist\u0103 \u0219i alte sate interesante, de asemenea, frumoase verzi \u0219i pline de case tipice Pelion.<br \/>\nOamenii care iubesc plimb\u0103rile lungi, iubesc natura, odihna lini\u0219tit\u0103 \u0219i, p\u00e2n\u0103 la urm\u0103, doresc s\u0103 se al\u0103ture tradi\u021biei grece\u0219ti, atunci este sigur c\u0103 caut\u0103 un loc precum Kala Nera. Aceast\u0103 loca\u021bie cu climatul s\u0103u bl\u00e2nd \u0219i vremea \u00een timpul iernii ar putea deveni cu u\u0219urin\u021b\u0103 baza principal\u0103 pentru cei care doresc s\u0103 viziteze \u0219i s\u0103 se bucure de muntele Pelion. Dac\u0103 lua\u021bi decizia de a v\u0103 lua vacan\u021ba sau de a face o vizit\u0103, oamenii Kala Nera vor fi gata s\u0103 v\u0103 ofere c\u0103ldur\u0103 prietenoas\u0103 \u0219i servicii bune pe tot parcursul anului.<br \/>\nVizita sau \u0219ederea dvs. la Kala Nera va fi de neuitat.<\/p>","protected":false},"excerpt":{"rendered":"<p>Kala Nera is a most beautiful beach village in the Pagasitikos Gulf, situated at the distance of 18 km from the town of Volos. This place can charm the visitor every period of the year. In summer time both the calm sea and the clean sand of the beach are a real challenge to those <\/p>","protected":false},"author":1,"featured_media":0,"parent":0,"menu_order":0,"comment_status":"closed","ping_status":"closed","template":"","meta":[],"_links":{"self":[{"href":"https:\/\/www.magani.gr\/ro\/wp-json\/wp\/v2\/pages\/4442"}],"collection":[{"href":"https:\/\/www.magani.gr\/ro\/wp-json\/wp\/v2\/pages"}],"about":[{"href":"https:\/\/www.magani.gr\/ro\/wp-json\/wp\/v2\/types\/page"}],"author":[{"embeddable":true,"href":"https:\/\/www.magani.gr\/ro\/wp-json\/wp\/v2\/users\/1"}],"replies":[{"embeddable":true,"href":"https:\/\/www.magani.gr\/ro\/wp-json\/wp\/v2\/comments?post=4442"}],"version-history":[{"count":10,"href":"https:\/\/www.magani.gr\/ro\/wp-json\/wp\/v2\/pages\/4442\/revisions"}],"predecessor-version":[{"id":4916,"href":"https:\/\/www.magani.gr\/ro\/wp-json\/wp\/v2\/pages\/4442\/revisions\/4916"}],"wp:attachment":[{"href":"https:\/\/www.magani.gr\/ro\/wp-json\/wp\/v2\/media?parent=4442"}],"curies":[{"name":"wp","href":"https:\/\/api.w.org\/{rel}","templated":true}]}}