{"id":1904,"date":"2015-07-06T08:26:09","date_gmt":"2015-07-06T08:26:09","guid":{"rendered":"http:\/\/demo.thimpress.com\/resca\/?page_id=5"},"modified":"2019-07-15T16:38:46","modified_gmt":"2019-07-15T16:38:46","slug":"about-us","status":"publish","type":"page","link":"https:\/\/www.magani.gr\/ro\/about-us\/","title":{"rendered":"Despre noi"},"content":{"rendered":"<div id=\"pl-1904\"  class=\"panel-layout\" ><div id=\"pg-1904-0\"  class=\"panel-grid panel-no-style\" ><div id=\"pgc-1904-0-0\"  class=\"panel-grid-cell\" ><div id=\"panel-1904-0-0-0\" class=\"so-panel widget widget_icon-box panel-first-child panel-last-child\" data-index=\"0\" ><div class=\"panel-widget-style panel-widget-style-for-1904-0-0-0\" ><div class=\"thim-widget-icon-box thim-widget-icon-box-base template-base\"><div class=\"inner-box\"><div  class=\"wrapper-box-icon text-left   wrapper-line-heading\" ><div class=\"smicon-box iconbox-top\"><div class=\"content-inner\" ><div class=\"sc-heading article_heading\"><h3 class = \"heading__primary\" >About Magani<\/h3><span class=\"line-heading\"><span><\/span><\/span><\/div><div class=\"desc-icon-box\"><div ><p align=\"left\">Peninsula Pelion este cunoscut\u0103 din mitologia greac\u0103 drept \u021bara Centaurilor \u0219i a poe\u021bilor. Combina\u021bia magic\u0103 de mun\u021bi verzi \u0219i marea albastr\u0103 ofer\u0103 o experien\u021b\u0103 de via\u021b\u0103 vizitatorilor s\u0103i.<br \/>\n\u00cen aceste \u00eemprejurimi unice din satul litoral Kala Nera ve\u021bi g\u0103si un hotel de vacan\u021b\u0103 la fel de unic, care a fost construit conform planurilor tradi\u021bionale pentru a recrea frumuse\u021bea conacelor Pelion.<br \/>\nHotelul Magani din Kala Nera este proiectat corespunz\u0103tor pentru vacan\u021ba dvs. pe tot parcursul anului \u0219i este format din mai multe apartamente, cu capacitate de 2 - 6 persoane. Hotelul are o curte minunat\u0103 cu palmieri uria\u0219i. \u00cen atmosfera relaxat\u0103 \u0219i familiar\u0103 din salonul \u0219i verandele lui Magani, v\u0103 pute\u021bi bucura de compania unui prieten \u00een timp ce bea sau m\u0103n\u00e2nc\u0103 o \u00eenghe\u021bat\u0103 gustoas\u0103 sau chiar un desert local. Hotelul se afl\u0103 la aproximativ 50 de metri de plaj\u0103.<br \/>\n<\/p>\n<p><b><i>Our principle is to offer the very best of services to our guests. You are welcome any time and we are looking forward to having you as our guest.\nYour hosts family Karousos.<\/i><\/b><\/p><\/div><\/div><\/div><\/div><!--end smicon-box--><\/div><\/div><\/div><\/div><\/div><\/div><\/div><div id=\"pg-1904-1\"  class=\"panel-grid panel-has-style\" ><div class=\"thim-gallery-box siteorigin-panels-stretch panel-row-style panel-row-style-for-1904-1\" data-stretch-type=\"full\" ><div id=\"pgc-1904-1-0\"  class=\"panel-grid-cell\" ><div id=\"panel-1904-1-0-0\" class=\"so-panel widget widget_icon-box panel-first-child\" data-index=\"1\" ><div class=\"panel-widget-style panel-widget-style-for-1904-1-0-0\" ><div class=\"thim-widget-icon-box thim-widget-icon-box-base template-base\"><div class=\"inner-box\"><div  class=\"wrapper-box-icon text-center   wrapper-line-heading\" ><div class=\"smicon-box iconbox-top\"><div class=\"content-inner\" ><div class=\"sc-heading article_heading\"><h3 class = \"heading__primary\" >Gallery<\/h3><span class=\"line-heading\"><span><\/span><\/span><\/div><\/div><\/div><!--end smicon-box--><\/div><\/div><\/div><\/div><\/div><div id=\"panel-1904-1-0-1\" class=\"so-panel widget widget_gallery-images panel-last-child\" data-index=\"2\" ><div class=\"panel-widget-style panel-widget-style-for-1904-1-0-1\" ><div class=\"thim-widget-gallery-images thim-widget-gallery-images-base template-style_2\"><div class=\"thim-gallery-images-column gallery-img\"><div class=\"list_image\"><div class=\"item-image\"><img src =\"https:\/\/www.magani.gr\/wp-content\/uploads\/2015\/10\/DSC0084.jpg\" width=\"800\" height=\"531\" alt= \"Despre noi\" \/><\/div><div class=\"item-image\"><img src =\"https:\/\/www.magani.gr\/wp-content\/uploads\/2015\/09\/IMG_3264.jpg\" width=\"1200\" height=\"800\" alt= \"Despre noi\" \/><\/div><div class=\"item-image\"><img src =\"https:\/\/www.magani.gr\/wp-content\/uploads\/2015\/10\/IMG_3222.jpg\" width=\"1200\" height=\"800\" alt= \"Despre noi\" \/><\/div><div class=\"item-image\"><img src =\"https:\/\/www.magani.gr\/wp-content\/uploads\/2015\/10\/IMG_3264.jpg\" width=\"1200\" height=\"800\" alt= \"Despre noi\" \/><\/div><div class=\"item-image\"><img src =\"https:\/\/www.magani.gr\/wp-content\/uploads\/2015\/09\/IMG_3229.jpg\" width=\"1200\" height=\"800\" alt= \"Despre noi\" \/><\/div><div class=\"item-image\"><img src =\"https:\/\/www.magani.gr\/wp-content\/uploads\/2015\/10\/IMG_3203.jpg\" width=\"1200\" height=\"800\" alt= \"Despre noi\" \/><\/div><div class=\"item-image\"><img src =\"https:\/\/www.magani.gr\/wp-content\/uploads\/2015\/10\/IMG_3191.jpg\" width=\"1200\" height=\"800\" alt= \"Despre noi\" \/><\/div><div class=\"item-image\"><img src =\"https:\/\/www.magani.gr\/wp-content\/uploads\/2015\/10\/IMG_3166.jpg\" width=\"1200\" height=\"800\" alt= \"Despre noi\" \/><\/div><div class=\"item-image\"><img src =\"https:\/\/www.magani.gr\/wp-content\/uploads\/2015\/10\/IMG_3170.jpg\" width=\"1200\" height=\"800\" alt= \"Despre noi\" \/><\/div><div class=\"item-image\"><img src =\"https:\/\/www.magani.gr\/wp-content\/uploads\/2015\/10\/IMG_3162.jpg\" width=\"1200\" height=\"800\" alt= \"Despre noi\" \/><\/div><div class=\"item-image\"><img src =\"https:\/\/www.magani.gr\/wp-content\/uploads\/2015\/10\/IMG_3124.jpg\" width=\"1200\" height=\"800\" alt= \"Despre noi\" \/><\/div><div class=\"item-image\"><img src =\"https:\/\/www.magani.gr\/wp-content\/uploads\/2015\/10\/IMG_3121.jpg\" width=\"1200\" height=\"800\" alt= \"Despre noi\" \/><\/div><div class=\"item-image\"><img src =\"https:\/\/www.magani.gr\/wp-content\/uploads\/2015\/10\/IMG_3110.jpg\" width=\"1200\" height=\"800\" alt= \"Despre noi\" \/><\/div><div class=\"item-image\"><img src =\"https:\/\/www.magani.gr\/wp-content\/uploads\/2015\/10\/IMG_3093.jpg\" width=\"1200\" height=\"800\" alt= \"Despre noi\" \/><\/div><div class=\"item-image\"><img src =\"https:\/\/www.magani.gr\/wp-content\/uploads\/2015\/10\/IMG_3067.jpg\" width=\"1200\" height=\"800\" alt= \"Despre noi\" \/><\/div><div class=\"item-image\"><img src =\"https:\/\/www.magani.gr\/wp-content\/uploads\/2015\/10\/IMG_3071.jpg\" width=\"1200\" height=\"800\" alt= \"Despre noi\" \/><\/div><div class=\"item-image\"><img src =\"https:\/\/www.magani.gr\/wp-content\/uploads\/2015\/10\/IMG_3062.jpg\" width=\"1200\" height=\"800\" alt= \"Despre noi\" \/><\/div><div class=\"item-image\"><img src =\"https:\/\/www.magani.gr\/wp-content\/uploads\/2015\/09\/IMG_3258.jpg\" width=\"533\" height=\"800\" alt= \"Despre noi\" \/><\/div><\/div><div class=\"text_wellcome\"><h3>The maisonettes are two storey apartments, each with independent entrance. The lower level consists of the living room with the equipped kitchen and the staircase which leads you to the main bedroom and the bathroom upstairs. No ground floor apartments. No elevator Traditional architecture. Magani's lush green garden has a nice shadowed outside sitting area under two huge tropical palm trees.<\/h3><\/div><\/div><\/div><\/div><\/div><\/div><\/div><\/div><\/div>","protected":false},"excerpt":{"rendered":"<p>About MaganiThe Pelion Peninsula is known from the Greek mythology as the land of the Centaurs and the Poets. The magical combination of green mountains and blue sea offers a lifetime experience to its visitors.<br \/>\nIn these unique surroundings at the seaside village of Kala Nera you will find an equally unique vacation hotel, which <\/p>","protected":false},"author":1,"featured_media":0,"parent":0,"menu_order":0,"comment_status":"closed","ping_status":"closed","template":"","meta":[],"_links":{"self":[{"href":"https:\/\/www.magani.gr\/ro\/wp-json\/wp\/v2\/pages\/1904"}],"collection":[{"href":"https:\/\/www.magani.gr\/ro\/wp-json\/wp\/v2\/pages"}],"about":[{"href":"https:\/\/www.magani.gr\/ro\/wp-json\/wp\/v2\/types\/page"}],"author":[{"embeddable":true,"href":"https:\/\/www.magani.gr\/ro\/wp-json\/wp\/v2\/users\/1"}],"replies":[{"embeddable":true,"href":"https:\/\/www.magani.gr\/ro\/wp-json\/wp\/v2\/comments?post=1904"}],"version-history":[{"count":16,"href":"https:\/\/www.magani.gr\/ro\/wp-json\/wp\/v2\/pages\/1904\/revisions"}],"predecessor-version":[{"id":4711,"href":"https:\/\/www.magani.gr\/ro\/wp-json\/wp\/v2\/pages\/1904\/revisions\/4711"}],"wp:attachment":[{"href":"https:\/\/www.magani.gr\/ro\/wp-json\/wp\/v2\/media?parent=1904"}],"curies":[{"name":"wp","href":"https:\/\/api.w.org\/{rel}","templated":true}]}}