{"id":4442,"date":"2019-05-13T15:33:38","date_gmt":"2019-05-13T15:33:38","guid":{"rendered":"https:\/\/dev.magani.gr\/?page_id=4442"},"modified":"2019-11-07T18:44:10","modified_gmt":"2019-11-07T18:44:10","slug":"area-info","status":"publish","type":"page","link":"https:\/\/www.magani.gr\/hu\/area-info\/","title":{"rendered":"Ter\u00fcletinform\u00e1ci\u00f3"},"content":{"rendered":"<p>A Kala Nera a Pagasitikos-\u00f6b\u00f6l legszebb strandfalu, amely 18 km-re tal\u00e1lhat\u00f3 Volos v\u00e1ros\u00e1t\u00f3l. Ez a hely az \u00e9v minden id\u0151szak\u00e1ban elb\u0171v\u00f6lheti a l\u00e1togat\u00f3kat. Ny\u00e1ron a nyugodt tenger \u00e9s a tiszta tengerparti homok val\u00f3di kih\u00edv\u00e1s azok sz\u00e1m\u00e1ra, akik szeretik ezt az \u00e9letm\u00f3dot. A kellemes \u00fasz\u00e1s mellett a k\u00e9k \u00e9s tiszta tengerv\u00edzben mindenkinek sz\u00e1mos es\u00e9lye van gyakorolni kedvenc tenger\u00e9t, olyan sportokat, mint a horg\u00e1szat, vitorl\u00e1z\u00e1s, s\u00edel\u00e9s, sz\u00f6rf\u00f6z\u00e9s stb..<br \/>\nWhen the summer sun gets very hot hot and when the sea becomes tiring, then the plane-trees, the eucalyptus and the poplar \u2013 trees offer an agreeable coolness in their shadow. The flowing spring water of the village is always good and particularly digestive: this seems to be confirmed by the too many fountains all over the village.<br \/>\nA Kala Nera n\u00e9v g\u00f6r\u00f6g\u00fcl ford\u00edtva azt jelenti: \u201ej\u00f3 vizek\u201d. D\u00e9lben nagyon b\u00e1jos \u00f6tv\u00f6zni az \u00edzl\u00e9ses helyi \u00e9teleket h\u00e1zi borral \u00e9s ouz\u00f3val a tengerpart ment\u00e9n tal\u00e1lhat\u00f3 sok \u00e9tterem, kocsma egyik\u00e9ben. A v\u00e1lasztott min\u0151s\u00e9g \u00e9s az \u00e9telek v\u00e1ltozatoss\u00e1ga, valamint az azonnali kiszolg\u00e1l\u00e1s kiel\u00e9g\u00edtheti a vend\u00e9gek legritk\u00e1bb k\u00edv\u00e1ns\u00e1gait is. Este elfogyaszthat hideg italt az egyik kocsm\u00e1ban vagy egy k\u00fcl\u00f6nleges fagylaltot.<br \/>\nA naplemente gerend\u00e1i a legszebb sz\u00edneket adj\u00e1k a nyugodt tengerszintnek \u00e9s a Pelion st\u00edlusnak, a r\u00e9gim\u00f3di hagyom\u00e1nyos h\u00e1zaknak \u00e9s k\u0151vel burkolt udvaruknak. Ez a legjobb k\u00e9p a falur\u00f3l. A nap ezen id\u0151szak\u00e1ban sok k\u00fcl\u00f6nb\u00f6z\u0151 dolgot \u00e9lvezhet, s\u00e9t\u00e1lhat a tengerparton, idilli f\u00e9nyk\u00e9peket k\u00e9sz\u00edthet, vagy v\u00e1s\u00e1rolhat.<br \/>\nSz\u0171k fest\u0151i \u00f6sv\u00e9nyek vezetnek \u00e1t a vid\u00e9ket \u00e9szak fel\u00e9, \u00e9s vezetnek a Milies \u00e9s Vizitza sz\u00e9p \u00e9s hagyom\u00e1nyos falvaihoz, amelyek egyar\u00e1nt a Pelion hegyen helyezkednek el, 400 m\u00e9ter tengerszint feletti magass\u00e1gban. A Kala Nera k\u00f6zvetlen k\u00f6zel\u00e9ben vannak m\u00e1s \u00e9rdekes falvak, amelyek szint\u00e9n gy\u00f6ny\u00f6r\u0171 z\u00f6ld sz\u00edn\u0171ek \u00e9s tele vannak tipikus Pelion h\u00e1zakkal.<br \/>\nAzok az emberek, akik szeretik a hossz\u00fa s\u00e9t\u00e1kat, szeretik a term\u00e9szetet, a nyugodt pihen\u00e9st \u00e9s elv\u00e9gre csatlakoznak a g\u00f6r\u00f6g hagyom\u00e1nyhoz, akkor biztos, hogy olyan helyet keresnek, mint Kala Nera. Ez a hely enyhe \u00e9ghajlattal \u00e9s t\u00e9li id\u0151j\u00e1r\u00e1ssal k\u00f6nnyen v\u00e1lhat a f\u0151 alapj\u00e1ul azok sz\u00e1m\u00e1ra, akik meg akarj\u00e1k l\u00e1togatni \u00e9s \u00e9lvezni akarj\u00e1k a Pelion hegyet. Ha \u00fagy d\u00f6nt, hogy vak\u00e1ci\u00f3j\u00e1t veszi ig\u00e9nybe, vagy csak l\u00e1togat\u00e1st tesz, a Kala Nera emberek eg\u00e9sz \u00e9vben k\u00e9szen \u00e1llnak arra, hogy bar\u00e1ts\u00e1gos melegs\u00e9get \u00e9s j\u00f3 kiszolg\u00e1l\u00e1st biztos\u00edtsanak \u00d6nnek.<br \/>\nA Kala Nera l\u00e1togat\u00e1sa vagy tart\u00f3zkod\u00e1sa felejthetetlen lesz.<\/p>","protected":false},"excerpt":{"rendered":"<p>Kala Nera is a most beautiful beach village in the Pagasitikos Gulf, situated at the distance of 18 km from the town of Volos. This place can charm the visitor every period of the year. In summer time both the calm sea and the clean sand of the beach are a real challenge to those <\/p>","protected":false},"author":1,"featured_media":0,"parent":0,"menu_order":0,"comment_status":"closed","ping_status":"closed","template":"","meta":[],"_links":{"self":[{"href":"https:\/\/www.magani.gr\/hu\/wp-json\/wp\/v2\/pages\/4442"}],"collection":[{"href":"https:\/\/www.magani.gr\/hu\/wp-json\/wp\/v2\/pages"}],"about":[{"href":"https:\/\/www.magani.gr\/hu\/wp-json\/wp\/v2\/types\/page"}],"author":[{"embeddable":true,"href":"https:\/\/www.magani.gr\/hu\/wp-json\/wp\/v2\/users\/1"}],"replies":[{"embeddable":true,"href":"https:\/\/www.magani.gr\/hu\/wp-json\/wp\/v2\/comments?post=4442"}],"version-history":[{"count":10,"href":"https:\/\/www.magani.gr\/hu\/wp-json\/wp\/v2\/pages\/4442\/revisions"}],"predecessor-version":[{"id":4916,"href":"https:\/\/www.magani.gr\/hu\/wp-json\/wp\/v2\/pages\/4442\/revisions\/4916"}],"wp:attachment":[{"href":"https:\/\/www.magani.gr\/hu\/wp-json\/wp\/v2\/media?parent=4442"}],"curies":[{"name":"wp","href":"https:\/\/api.w.org\/{rel}","templated":true}]}}