{"id":4439,"date":"2019-05-13T15:30:49","date_gmt":"2019-05-13T15:30:49","guid":{"rendered":"https:\/\/dev.magani.gr\/?page_id=4439"},"modified":"2019-10-18T20:41:59","modified_gmt":"2019-10-18T20:41:59","slug":"advertisement-brochure","status":"publish","type":"page","link":"https:\/\/www.magani.gr\/hu\/advertisement-brochure\/","title":{"rendered":"Rekl\u00e1m prospektus"},"content":{"rendered":"<p style=\"text-align: center;\">K\u00e9rj\u00fck, t\u00f6ltse le hirdet\u00e9si prospektusunkat itt:<\/p>\n<p><a href=\"https:\/\/www.magani.gr\/pdf\/Magani_A4_Print_Fin.pdf\"><img loading=\"lazy\" class=\"alignnone size-medium wp-image-4871 aligncenter\" src=\"https:\/\/magani.gr\/wp-content\/uploads\/2019\/10\/magani_broshure_sm-150x300.png\" alt=\"\" width=\"150\" height=\"300\" \/><\/a><\/p>\n<p style=\"text-align: center;\"><a href=\"https:\/\/www.magani.gr\/pdf\/Magani_A4_Print_Fin.pdf\" target=\"_blank\" rel=\"noopener noreferrer\">Rekl\u00e1m prospektus<\/a><\/p>","protected":false},"excerpt":{"rendered":"<p>K\u00e9rj\u00fck, t\u00f6ltse le hirdet\u00e9si prospektusunkat itt:<\/p>\n<p>Rekl\u00e1m prospektus<\/p>","protected":false},"author":1,"featured_media":0,"parent":0,"menu_order":0,"comment_status":"closed","ping_status":"closed","template":"","meta":[],"_links":{"self":[{"href":"https:\/\/www.magani.gr\/hu\/wp-json\/wp\/v2\/pages\/4439"}],"collection":[{"href":"https:\/\/www.magani.gr\/hu\/wp-json\/wp\/v2\/pages"}],"about":[{"href":"https:\/\/www.magani.gr\/hu\/wp-json\/wp\/v2\/types\/page"}],"author":[{"embeddable":true,"href":"https:\/\/www.magani.gr\/hu\/wp-json\/wp\/v2\/users\/1"}],"replies":[{"embeddable":true,"href":"https:\/\/www.magani.gr\/hu\/wp-json\/wp\/v2\/comments?post=4439"}],"version-history":[{"count":6,"href":"https:\/\/www.magani.gr\/hu\/wp-json\/wp\/v2\/pages\/4439\/revisions"}],"predecessor-version":[{"id":4900,"href":"https:\/\/www.magani.gr\/hu\/wp-json\/wp\/v2\/pages\/4439\/revisions\/4900"}],"wp:attachment":[{"href":"https:\/\/www.magani.gr\/hu\/wp-json\/wp\/v2\/media?parent=4439"}],"curies":[{"name":"wp","href":"https:\/\/api.w.org\/{rel}","templated":true}]}}