{"id":4352,"date":"2015-07-06T08:33:48","date_gmt":"2015-07-06T08:33:48","guid":{"rendered":"http:\/\/demo.thimpress.com\/resca\/?page_id=14"},"modified":"2021-06-28T10:44:45","modified_gmt":"2021-06-28T10:44:45","slug":"contact-us","status":"publish","type":"page","link":"https:\/\/www.magani.gr\/hu\/contact-us\/","title":{"rendered":"El\u00e9rhet\u0151s\u00e9gei"},"content":{"rendered":"<div id=\"pl-4352\"  class=\"panel-layout\" ><div id=\"pg-4352-0\"  class=\"panel-grid panel-no-style\" ><div id=\"pgc-4352-0-0\"  class=\"panel-grid-cell\" ><div id=\"panel-4352-0-0-0\" class=\"so-panel widget widget_heading panel-first-child\" data-index=\"0\" ><div class=\"thim-widget-heading thim-widget-heading-base template-base\"><div class=\"sc-heading article_heading wpb_animate_when_almost_visible wpb_top-to-bottom wrapper-line-heading\"><h3 style=\"color:#27bff7;\" class=\"heading__primary\">Kapcsolat \u00e9s foglal\u00e1s<\/h3><span class=\"line-heading\"><span><\/span><\/span><\/div><\/div><\/div><div id=\"panel-4352-0-0-1\" class=\"widget_text so-panel widget widget_custom_html panel-last-child\" data-index=\"1\" ><div class=\"textwidget custom-html-widget\"><p align=\"middle\">K\u00e9rj\u00fck, k\u00fcldj\u00f6n egy e-mailt a <a href=\"mailto:info@magani.gr\">info@magani.gr<\/a> & <a href=\"mailto:panoskarousos@yahoo.gr\">panoskarousos@yahoo.gr<\/a> az utasok sz\u00e1m\u00e1nak \u00e9s az el\u0151nyben r\u00e9szes\u00edtett napoknak a felt\u00fcntet\u00e9s\u00e9vel.\n<\/p>\n<br\/>\t\n<div align=\"center\">\n\t<img src=\"https:\/\/magani.gr\/wp-content\/uploads\/2019\/10\/magani_google_map.jpg\"><br\/>\n<a href=\"https:\/\/www.google.gr\/maps\/place\/39%C2%B018'19.5%22N+23%C2%B007'20.7%22E\/@39.305404,23.1218728,220m\/data=!3m2!1e3!4b1!4m5!3m4!1s0x0:0x0!8m2!3d39.305403!4d23.12242?hl=el&authuser=0\"> Ide kattintva megtekintheti a Google t\u00e9rk\u00e9pet<\/a><br\/>\n<\/div>\n\n\n\n<\/div><\/div><\/div><\/div><\/div>","protected":false},"excerpt":{"rendered":"<p>Contact &#038; ReservationPlease send us an email at info@magani.gr &#038; panoskarousos@yahoo.gr indicating the number of occupants and the preffered days<\/p>\n<p>\n Ide kattintva megtekintheti a Google t\u00e9rk\u00e9pet<\/p>\n<p><\/p>","protected":false},"author":1,"featured_media":0,"parent":0,"menu_order":0,"comment_status":"closed","ping_status":"open","template":"","meta":[],"_links":{"self":[{"href":"https:\/\/www.magani.gr\/hu\/wp-json\/wp\/v2\/pages\/4352"}],"collection":[{"href":"https:\/\/www.magani.gr\/hu\/wp-json\/wp\/v2\/pages"}],"about":[{"href":"https:\/\/www.magani.gr\/hu\/wp-json\/wp\/v2\/types\/page"}],"author":[{"embeddable":true,"href":"https:\/\/www.magani.gr\/hu\/wp-json\/wp\/v2\/users\/1"}],"replies":[{"embeddable":true,"href":"https:\/\/www.magani.gr\/hu\/wp-json\/wp\/v2\/comments?post=4352"}],"version-history":[{"count":56,"href":"https:\/\/www.magani.gr\/hu\/wp-json\/wp\/v2\/pages\/4352\/revisions"}],"predecessor-version":[{"id":4983,"href":"https:\/\/www.magani.gr\/hu\/wp-json\/wp\/v2\/pages\/4352\/revisions\/4983"}],"wp:attachment":[{"href":"https:\/\/www.magani.gr\/hu\/wp-json\/wp\/v2\/media?parent=4352"}],"curies":[{"name":"wp","href":"https:\/\/api.w.org\/{rel}","templated":true}]}}