{"id":1904,"date":"2015-07-06T08:26:09","date_gmt":"2015-07-06T08:26:09","guid":{"rendered":"http:\/\/demo.thimpress.com\/resca\/?page_id=5"},"modified":"2019-07-15T16:38:46","modified_gmt":"2019-07-15T16:38:46","slug":"about-us","status":"publish","type":"page","link":"https:\/\/www.magani.gr\/hu\/about-us\/","title":{"rendered":"R\u00f3lunk"},"content":{"rendered":"<div id=\"pl-1904\"  class=\"panel-layout\" ><div id=\"pg-1904-0\"  class=\"panel-grid panel-no-style\" ><div id=\"pgc-1904-0-0\"  class=\"panel-grid-cell\" ><div id=\"panel-1904-0-0-0\" class=\"so-panel widget widget_icon-box panel-first-child panel-last-child\" data-index=\"0\" ><div class=\"panel-widget-style panel-widget-style-for-1904-0-0-0\" ><div class=\"thim-widget-icon-box thim-widget-icon-box-base template-base\"><div class=\"inner-box\"><div  class=\"wrapper-box-icon text-left   wrapper-line-heading\" ><div class=\"smicon-box iconbox-top\"><div class=\"content-inner\" ><div class=\"sc-heading article_heading\"><h3 class = \"heading__primary\" >About Magani<\/h3><span class=\"line-heading\"><span><\/span><\/span><\/div><div class=\"desc-icon-box\"><div ><p align=\"left\">A Pelion-f\u00e9lsziget a g\u00f6r\u00f6g mitol\u00f3gi\u00e1b\u00f3l a Kentaurok \u00e9s a K\u00f6lt\u0151k f\u00f6ldjek\u00e9nt ismert. A z\u00f6ld hegyek \u00e9s a k\u00e9k tenger m\u00e1gikus kombin\u00e1ci\u00f3ja \u00e9letre sz\u00f3l\u00f3 \u00e9lm\u00e9nyt ny\u00fajt a l\u00e1togat\u00f3k sz\u00e1m\u00e1ra.<br \/>\nA Kala Nera tengerparti faluj\u00e1nak ezen egyed\u00fcl\u00e1ll\u00f3 k\u00f6rnyezet\u00e9ben ugyanolyan egyed\u00fcl\u00e1ll\u00f3 nyaral\u00f3hotel tal\u00e1lhat\u00f3, amelyet a hagyom\u00e1nyos tervek szerint \u00e9p\u00edtettek a Pelion-kast\u00e9lyok sz\u00e9ps\u00e9g\u00e9nek \u00fajj\u00e1\u00e9p\u00edt\u00e9se c\u00e9lj\u00e1b\u00f3l.<br \/>\nA Kala Nera v\u00e1ros\u00e1ban tal\u00e1lhat\u00f3 Hotel Magani az eg\u00e9sz \u00e9vben t\u00f6lt\u00f6tt nyaral\u00e1s\u00e1hoz tervezett, \u00e9s t\u00f6bb apartmanb\u00f3l \u00e1ll, 2\u20136 f\u0151s kapacit\u00e1ssal. A sz\u00e1lloda csod\u00e1latos udvar\u00e1val rendelkezik, hatalmas p\u00e1lmaf\u00e1kkal. A Magani t\u00e1rsalg\u00f3j\u00e1nak \u00e9s verand\u00e1j\u00e1nak nyugodt \u00e9s bar\u00e1ts\u00e1gos l\u00e9gk\u00f6r\u00e9ben \u00e9lvezheti a bar\u00e1tja t\u00e1rsas\u00e1g\u00e1t, mik\u00f6zben iszik, \u00edzletes fagylaltot fogyaszthat, vagy ak\u00e1r helyi desszertet fogyaszthat. A sz\u00e1lloda k\u00f6r\u00fclbel\u00fcl 50 m\u00e9terre van a strandt\u00f3l.<br \/>\n<\/p>\n<p><b><i>Our principle is to offer the very best of services to our guests. You are welcome any time and we are looking forward to having you as our guest.\nYour hosts family Karousos.<\/i><\/b><\/p><\/div><\/div><\/div><\/div><!--end smicon-box--><\/div><\/div><\/div><\/div><\/div><\/div><\/div><div id=\"pg-1904-1\"  class=\"panel-grid panel-has-style\" ><div class=\"thim-gallery-box siteorigin-panels-stretch panel-row-style panel-row-style-for-1904-1\" data-stretch-type=\"full\" ><div id=\"pgc-1904-1-0\"  class=\"panel-grid-cell\" ><div id=\"panel-1904-1-0-0\" class=\"so-panel widget widget_icon-box panel-first-child\" data-index=\"1\" ><div class=\"panel-widget-style panel-widget-style-for-1904-1-0-0\" ><div class=\"thim-widget-icon-box thim-widget-icon-box-base template-base\"><div class=\"inner-box\"><div  class=\"wrapper-box-icon text-center   wrapper-line-heading\" ><div class=\"smicon-box iconbox-top\"><div class=\"content-inner\" ><div class=\"sc-heading article_heading\"><h3 class = \"heading__primary\" >Gallery<\/h3><span class=\"line-heading\"><span><\/span><\/span><\/div><\/div><\/div><!--end smicon-box--><\/div><\/div><\/div><\/div><\/div><div id=\"panel-1904-1-0-1\" class=\"so-panel widget widget_gallery-images panel-last-child\" data-index=\"2\" ><div class=\"panel-widget-style panel-widget-style-for-1904-1-0-1\" ><div class=\"thim-widget-gallery-images thim-widget-gallery-images-base template-style_2\"><div class=\"thim-gallery-images-column gallery-img\"><div class=\"list_image\"><div class=\"item-image\"><img src =\"https:\/\/www.magani.gr\/wp-content\/uploads\/2015\/10\/DSC0084.jpg\" width=\"800\" height=\"531\" alt= \"R\u00f3lunk\" \/><\/div><div class=\"item-image\"><img src =\"https:\/\/www.magani.gr\/wp-content\/uploads\/2015\/09\/IMG_3264.jpg\" width=\"1200\" height=\"800\" alt= \"R\u00f3lunk\" \/><\/div><div class=\"item-image\"><img src =\"https:\/\/www.magani.gr\/wp-content\/uploads\/2015\/10\/IMG_3222.jpg\" width=\"1200\" height=\"800\" alt= \"R\u00f3lunk\" \/><\/div><div class=\"item-image\"><img src =\"https:\/\/www.magani.gr\/wp-content\/uploads\/2015\/10\/IMG_3264.jpg\" width=\"1200\" height=\"800\" alt= \"R\u00f3lunk\" \/><\/div><div class=\"item-image\"><img src =\"https:\/\/www.magani.gr\/wp-content\/uploads\/2015\/09\/IMG_3229.jpg\" width=\"1200\" height=\"800\" alt= \"R\u00f3lunk\" \/><\/div><div class=\"item-image\"><img src =\"https:\/\/www.magani.gr\/wp-content\/uploads\/2015\/10\/IMG_3203.jpg\" width=\"1200\" height=\"800\" alt= \"R\u00f3lunk\" \/><\/div><div class=\"item-image\"><img src =\"https:\/\/www.magani.gr\/wp-content\/uploads\/2015\/10\/IMG_3191.jpg\" width=\"1200\" height=\"800\" alt= \"R\u00f3lunk\" \/><\/div><div class=\"item-image\"><img src =\"https:\/\/www.magani.gr\/wp-content\/uploads\/2015\/10\/IMG_3166.jpg\" width=\"1200\" height=\"800\" alt= \"R\u00f3lunk\" \/><\/div><div class=\"item-image\"><img src =\"https:\/\/www.magani.gr\/wp-content\/uploads\/2015\/10\/IMG_3170.jpg\" width=\"1200\" height=\"800\" alt= \"R\u00f3lunk\" \/><\/div><div class=\"item-image\"><img src =\"https:\/\/www.magani.gr\/wp-content\/uploads\/2015\/10\/IMG_3162.jpg\" width=\"1200\" height=\"800\" alt= \"R\u00f3lunk\" \/><\/div><div class=\"item-image\"><img src =\"https:\/\/www.magani.gr\/wp-content\/uploads\/2015\/10\/IMG_3124.jpg\" width=\"1200\" height=\"800\" alt= \"R\u00f3lunk\" \/><\/div><div class=\"item-image\"><img src =\"https:\/\/www.magani.gr\/wp-content\/uploads\/2015\/10\/IMG_3121.jpg\" width=\"1200\" height=\"800\" alt= \"R\u00f3lunk\" \/><\/div><div class=\"item-image\"><img src =\"https:\/\/www.magani.gr\/wp-content\/uploads\/2015\/10\/IMG_3110.jpg\" width=\"1200\" height=\"800\" alt= \"R\u00f3lunk\" \/><\/div><div class=\"item-image\"><img src =\"https:\/\/www.magani.gr\/wp-content\/uploads\/2015\/10\/IMG_3093.jpg\" width=\"1200\" height=\"800\" alt= \"R\u00f3lunk\" \/><\/div><div class=\"item-image\"><img src =\"https:\/\/www.magani.gr\/wp-content\/uploads\/2015\/10\/IMG_3067.jpg\" width=\"1200\" height=\"800\" alt= \"R\u00f3lunk\" \/><\/div><div class=\"item-image\"><img src =\"https:\/\/www.magani.gr\/wp-content\/uploads\/2015\/10\/IMG_3071.jpg\" width=\"1200\" height=\"800\" alt= \"R\u00f3lunk\" \/><\/div><div class=\"item-image\"><img src =\"https:\/\/www.magani.gr\/wp-content\/uploads\/2015\/10\/IMG_3062.jpg\" width=\"1200\" height=\"800\" alt= \"R\u00f3lunk\" \/><\/div><div class=\"item-image\"><img src =\"https:\/\/www.magani.gr\/wp-content\/uploads\/2015\/09\/IMG_3258.jpg\" width=\"533\" height=\"800\" alt= \"R\u00f3lunk\" \/><\/div><\/div><div class=\"text_wellcome\"><h3>The maisonettes are two storey apartments, each with independent entrance. The lower level consists of the living room with the equipped kitchen and the staircase which leads you to the main bedroom and the bathroom upstairs. No ground floor apartments. No elevator Traditional architecture. Magani's lush green garden has a nice shadowed outside sitting area under two huge tropical palm trees.<\/h3><\/div><\/div><\/div><\/div><\/div><\/div><\/div><\/div><\/div>","protected":false},"excerpt":{"rendered":"<p>About MaganiThe Pelion Peninsula is known from the Greek mythology as the land of the Centaurs and the Poets. The magical combination of green mountains and blue sea offers a lifetime experience to its visitors.<br \/>\nIn these unique surroundings at the seaside village of Kala Nera you will find an equally unique vacation hotel, which <\/p>","protected":false},"author":1,"featured_media":0,"parent":0,"menu_order":0,"comment_status":"closed","ping_status":"closed","template":"","meta":[],"_links":{"self":[{"href":"https:\/\/www.magani.gr\/hu\/wp-json\/wp\/v2\/pages\/1904"}],"collection":[{"href":"https:\/\/www.magani.gr\/hu\/wp-json\/wp\/v2\/pages"}],"about":[{"href":"https:\/\/www.magani.gr\/hu\/wp-json\/wp\/v2\/types\/page"}],"author":[{"embeddable":true,"href":"https:\/\/www.magani.gr\/hu\/wp-json\/wp\/v2\/users\/1"}],"replies":[{"embeddable":true,"href":"https:\/\/www.magani.gr\/hu\/wp-json\/wp\/v2\/comments?post=1904"}],"version-history":[{"count":16,"href":"https:\/\/www.magani.gr\/hu\/wp-json\/wp\/v2\/pages\/1904\/revisions"}],"predecessor-version":[{"id":4711,"href":"https:\/\/www.magani.gr\/hu\/wp-json\/wp\/v2\/pages\/1904\/revisions\/4711"}],"wp:attachment":[{"href":"https:\/\/www.magani.gr\/hu\/wp-json\/wp\/v2\/media?parent=1904"}],"curies":[{"name":"wp","href":"https:\/\/api.w.org\/{rel}","templated":true}]}}